{"id":3339,"date":"2022-11-13T12:22:00","date_gmt":"2022-11-13T15:22:00","guid":{"rendered":"https:\/\/www.garrafeiros.com.br\/loja\/?post_type=product&#038;p=3339"},"modified":"2024-10-07T14:00:29","modified_gmt":"2024-10-07T17:00:29","slug":"nicho-suporte-aramado-54-garrafas-vinho-garrafeiros-6lx9a","status":"publish","type":"product","link":"https:\/\/www.garrafeiros.com.br\/loja\/produto\/nicho-suporte-aramado-54-garrafas-vinho-garrafeiros-6lx9a\/","title":{"rendered":"Nicho Suporte Aramado 54 Garrafas Vinho Garrafeiros 6Lx9A"},"content":{"rendered":"<p>Este lindo suporte para garrafas, tipo nicho aramado, al\u00e9m de ser muito pr\u00e1tico e funcional \u00e9 tamb\u00e9m um objeto de decora\u00e7\u00e3o. Com acabamento em pintura eletrost\u00e1tica ep\u00f3xi, confere leveza a sua adega. Essa pe\u00e7a tem capacidade para 54 garrafas de vinho 750ml.<\/p>\n","protected":false},"excerpt":{"rendered":"<p>Nicho Aramado em A\u00e7o Carbono Galvanizado e Pintura Eletrostatica.<br \/>\nEspaco passagem garrafas 9,5cm<br \/>\nPara outras medidas entre em contato com nossa equipe de projetos<\/p>\n","protected":false},"featured_media":2911,"template":"","meta":{"site-sidebar-layout":"default","site-content-layout":"default","ast-site-content-layout":"default","site-content-style":"default","site-sidebar-style":"default","ast-global-header-display":"","ast-banner-title-visibility":"","ast-main-header-display":"","ast-hfb-above-header-display":"","ast-hfb-below-header-display":"","ast-hfb-mobile-header-display":"","site-post-title":"","ast-breadcrumbs-content":"","ast-featured-img":"","footer-sml-layout":"","ast-disable-related-posts":"","theme-transparent-header-meta":"default","adv-header-id-meta":"","stick-header-meta":"","header-above-stick-meta":"","header-main-stick-meta":"","header-below-stick-meta":"","astra-migrate-meta-layouts":"default","ast-page-background-enabled":"default","ast-page-background-meta":{"desktop":{"background-color":"","background-image":"","background-repeat":"repeat","background-position":"center center","background-size":"auto","background-attachment":"scroll","background-type":"","background-media":"","overlay-type":"","overlay-color":"","overlay-opacity":"","overlay-gradient":""},"tablet":{"background-color":"","background-image":"","background-repeat":"repeat","background-position":"center center","background-size":"auto","background-attachment":"scroll","background-type":"","background-media":"","overlay-type":"","overlay-color":"","overlay-opacity":"","overlay-gradient":""},"mobile":{"background-color":"","background-image":"","background-repeat":"repeat","background-position":"center center","background-size":"auto","background-attachment":"scroll","background-type":"","background-media":"","overlay-type":"","overlay-color":"","overlay-opacity":"","overlay-gradient":""}},"ast-content-background-meta":{"desktop":{"background-color":"var(--ast-global-color-5)","background-image":"","background-repeat":"repeat","background-position":"center center","background-size":"auto","background-attachment":"scroll","background-type":"","background-media":"","overlay-type":"","overlay-color":"","overlay-opacity":"","overlay-gradient":""},"tablet":{"background-color":"var(--ast-global-color-5)","background-image":"","background-repeat":"repeat","background-position":"center center","background-size":"auto","background-attachment":"scroll","background-type":"","background-media":"","overlay-type":"","overlay-color":"","overlay-opacity":"","overlay-gradient":""},"mobile":{"background-color":"var(--ast-global-color-5)","background-image":"","background-repeat":"repeat","background-position":"center center","background-size":"auto","background-attachment":"scroll","background-type":"","background-media":"","overlay-type":"","overlay-color":"","overlay-opacity":"","overlay-gradient":""}}},"product_brand":[],"product_cat":[55],"product_tag":[73,79,71,75,77,78,74,76],"class_list":{"0":"post-3339","1":"product","2":"type-product","3":"status-publish","4":"has-post-thumbnail","6":"product_cat-adegas_aramadas","7":"product_tag-adega","8":"product_tag-aluminio","9":"product_tag-aramada","10":"product_tag-garrafas","11":"product_tag-garrafeiros","12":"product_tag-pino","13":"product_tag-suporte","14":"product_tag-vinho","15":"desktop-align-left","16":"tablet-align-left","17":"mobile-align-left","18":"ast-product-gallery-layout-horizontal-slider","19":"ast-product-tabs-layout-horizontal","21":"first","22":"onbackorder","23":"shipping-taxable","24":"purchasable","25":"product-type-simple"},"_links":{"self":[{"href":"https:\/\/www.garrafeiros.com.br\/loja\/wp-json\/wp\/v2\/product\/3339","targetHints":{"allow":["GET"]}}],"collection":[{"href":"https:\/\/www.garrafeiros.com.br\/loja\/wp-json\/wp\/v2\/product"}],"about":[{"href":"https:\/\/www.garrafeiros.com.br\/loja\/wp-json\/wp\/v2\/types\/product"}],"wp:featuredmedia":[{"embeddable":true,"href":"https:\/\/www.garrafeiros.com.br\/loja\/wp-json\/wp\/v2\/media\/2911"}],"wp:attachment":[{"href":"https:\/\/www.garrafeiros.com.br\/loja\/wp-json\/wp\/v2\/media?parent=3339"}],"wp:term":[{"taxonomy":"product_brand","embeddable":true,"href":"https:\/\/www.garrafeiros.com.br\/loja\/wp-json\/wp\/v2\/product_brand?post=3339"},{"taxonomy":"product_cat","embeddable":true,"href":"https:\/\/www.garrafeiros.com.br\/loja\/wp-json\/wp\/v2\/product_cat?post=3339"},{"taxonomy":"product_tag","embeddable":true,"href":"https:\/\/www.garrafeiros.com.br\/loja\/wp-json\/wp\/v2\/product_tag?post=3339"}],"curies":[{"name":"wp","href":"https:\/\/api.w.org\/{rel}","templated":true}]}}